{"id":37,"date":"2021-05-11T15:08:00","date_gmt":"2021-05-11T13:08:00","guid":{"rendered":"https:\/\/nuovofilmstudio.it\/?page_id=37"},"modified":"2021-07-23T12:11:10","modified_gmt":"2021-07-23T10:11:10","slug":"chi-siamo","status":"publish","type":"page","link":"https:\/\/nuovofilmstudio.it\/?page_id=37","title":{"rendered":"Chi siamo"},"content":{"rendered":"<p>[et_pb_section fb_built=&#8221;1&#8243; _builder_version=&#8221;4.9.9&#8243; _module_preset=&#8221;default&#8221; background_color=&#8221;#b5cedf&#8221;][et_pb_row _builder_version=&#8221;4.9.9&#8243; _module_preset=&#8221;default&#8221;][et_pb_column type=&#8221;4_4&#8243; _builder_version=&#8221;4.9.9&#8243; _module_preset=&#8221;default&#8221;][et_pb_text _builder_version=&#8221;4.9.9&#8243; _module_preset=&#8221;default&#8221; text_font=&#8221;Allerta Stencil||||||||&#8221; text_text_color=&#8221;#000000&#8243; text_font_size=&#8221;45px&#8221; text_font_size_tablet=&#8221;&#8221; text_font_size_phone=&#8221;30px&#8221; text_font_size_last_edited=&#8221;on|phone&#8221;]<\/p>\n<p>Chi siamo<\/p>\n<p>[\/et_pb_text][\/et_pb_column][\/et_pb_row][et_pb_row column_structure=&#8221;1_2,1_2&#8243; _builder_version=&#8221;4.9.9&#8243; _module_preset=&#8221;default&#8221; custom_margin=&#8221;150px||||false|false&#8221;][et_pb_column type=&#8221;1_2&#8243; _builder_version=&#8221;4.9.9&#8243; _module_preset=&#8221;default&#8221;][et_pb_blurb use_icon=&#8221;on&#8221; font_icon=&#8221;%%6%%&#8221; icon_color=&#8221;#FFFFFF&#8221; icon_placement=&#8221;left&#8221; use_icon_font_size=&#8221;on&#8221; icon_font_size=&#8221;102px&#8221; _builder_version=&#8221;4.9.9&#8243; _module_preset=&#8221;default&#8221; hover_transition_speed_curve=&#8221;ease-out&#8221;][\/et_pb_blurb][et_pb_text _builder_version=&#8221;4.9.9&#8243; _module_preset=&#8221;default&#8221; text_font=&#8221;Allerta Stencil||||||||&#8221; text_text_color=&#8221;#000000&#8243; text_font_size=&#8221;35px&#8221; text_line_height=&#8221;1.2em&#8221; text_font_size_tablet=&#8221;&#8221; text_font_size_phone=&#8221;28px&#8221; text_font_size_last_edited=&#8221;on|phone&#8221;]<\/p>\n<p><span style=\"font-weight: 400;\">Nuovofilmstudio promuove la cultura cinematografica tutto l&#8217;anno<\/span><\/p>\n<p>[\/et_pb_text][\/et_pb_column][et_pb_column type=&#8221;1_2&#8243; _builder_version=&#8221;4.9.9&#8243; _module_preset=&#8221;default&#8221;][et_pb_text _builder_version=&#8221;4.9.9&#8243; _module_preset=&#8221;default&#8221; text_font=&#8221;Allerta Stencil|800|||||||&#8221; text_text_color=&#8221;#000000&#8243; text_font_size=&#8221;16px&#8221; text_orientation=&#8221;right&#8221; custom_margin=&#8221;64px||18px|||&#8221;]<\/p>\n<p><span style=\"font-weight: 400;\">Piazza Pippo Rebagliati 6a, Savona<\/span><\/p>\n<p>[\/et_pb_text][et_pb_divider divider_weight=&#8221;2px&#8221; _builder_version=&#8221;4.9.9&#8243; _module_preset=&#8221;default&#8221; width=&#8221;100%&#8221; max_width=&#8221;100%&#8221; module_alignment=&#8221;right&#8221; custom_margin=&#8221;||4px|||&#8221; hover_enabled=&#8221;0&#8243; sticky_enabled=&#8221;0&#8243; divider_weight_last_edited=&#8221;on|phone&#8221;][\/et_pb_divider][et_pb_text _builder_version=&#8221;4.9.9&#8243; _module_preset=&#8221;default&#8221; text_font=&#8221;Allerta Stencil|800|||||||&#8221; text_text_color=&#8221;#000000&#8243; text_font_size=&#8221;16px&#8221; text_orientation=&#8221;right&#8221; custom_margin=&#8221;||18px|||&#8221;]<\/p>\n<p><span style=\"font-weight: 400;\">Tel\/fax: 019813357<\/span><\/p>\n<p>[\/et_pb_text][et_pb_divider divider_weight=&#8221;2px&#8221; _builder_version=&#8221;4.9.9&#8243; _module_preset=&#8221;default&#8221; width=&#8221;100%&#8221; max_width=&#8221;100%&#8221; module_alignment=&#8221;right&#8221; custom_margin=&#8221;-5px||1px|||&#8221; custom_padding=&#8221;3px||16px|0px||&#8221; hover_enabled=&#8221;0&#8243; divider_weight_last_edited=&#8221;on|phone&#8221; sticky_enabled=&#8221;0&#8243;][\/et_pb_divider][et_pb_text _builder_version=&#8221;4.9.9&#8243; _module_preset=&#8221;default&#8221; text_font=&#8221;Allerta Stencil|800|||||||&#8221; text_text_color=&#8221;#000000&#8243; text_font_size=&#8221;15px&#8221; text_orientation=&#8221;right&#8221; custom_margin=&#8221;-22px||16px|||&#8221; custom_padding=&#8221;||2px|||&#8221; hover_enabled=&#8221;0&#8243; sticky_enabled=&#8221;0&#8243;]<\/p>\n<p><span style=\"font-weight: 400;\"><strong>email:<\/strong> nuovofilmstudio@officinesolimano.it<\/span><\/p>\n<p>[\/et_pb_text][et_pb_divider divider_weight=&#8221;2px&#8221; _builder_version=&#8221;4.9.9&#8243; _module_preset=&#8221;default&#8221; width=&#8221;100%&#8221; max_width=&#8221;100%&#8221; module_alignment=&#8221;right&#8221; custom_padding=&#8221;2px||9px|||&#8221; hover_enabled=&#8221;0&#8243; divider_weight_last_edited=&#8221;on|phone&#8221; sticky_enabled=&#8221;0&#8243;][\/et_pb_divider][\/et_pb_column][\/et_pb_row][\/et_pb_section][et_pb_section fb_built=&#8221;1&#8243; _builder_version=&#8221;4.9.9&#8243; _module_preset=&#8221;default&#8221; background_color=&#8221;#000000&#8243;][et_pb_row _builder_version=&#8221;4.9.9&#8243; _module_preset=&#8221;default&#8221;][et_pb_column type=&#8221;4_4&#8243; _builder_version=&#8221;4.9.9&#8243; _module_preset=&#8221;default&#8221;][et_pb_text _builder_version=&#8221;4.9.9&#8243; _module_preset=&#8221;default&#8221; text_text_color=&#8221;#FFFFFF&#8221; text_font_size=&#8221;18px&#8221; text_line_height=&#8221;1.3em&#8221;]<\/p>\n<p><span style=\"font-weight: 400;\">L&#8217;Associazione Culturale Nuovofilmstudio, aderente a Ucca, Anec e Fice, nasce il 28 dicembre 2002 dalle ceneri del Filmstudio di Mirko Bottero, con l&#8217;immediato obiettivo di restituire alla citt\u00e0 di Savona il suo storico cinema d&#8217;essai. Tutto il lavoro svolto fin dagli anni \u201970 da Mirko Bottero, Tatti Sanguineti, Carlo Freccero ed Aldo Grasso, e ancora prima dal \u201948 al \u201974 con il vecchio Circolo Calamandrei, rischiava di andare definitivamente perduto. Ma dal dicembre 2002 il nuovo gruppo di lavoro ha progettato e realizzato la fase di ristrutturazione e riallestimento dei locali della sede storica e da aprile 2003 ha ricominciato immediatamente la programmazione, con la sala aperta pomeriggio e sera. <\/span><\/p>\n<p>[\/et_pb_text][\/et_pb_column][\/et_pb_row][\/et_pb_section][et_pb_section fb_built=&#8221;1&#8243; _builder_version=&#8221;4.9.9&#8243; _module_preset=&#8221;default&#8221; background_image=&#8221;https:\/\/nuovofilmstudio.it\/wp-content\/uploads\/2021\/07\/prog_3-scaled.jpg&#8221; parallax=&#8221;on&#8221; parallax_method=&#8221;off&#8221; height=&#8221;404px&#8221;][\/et_pb_section][et_pb_section fb_built=&#8221;1&#8243; _builder_version=&#8221;4.9.9&#8243; _module_preset=&#8221;default&#8221; background_color=&#8221;#135a79&#8243;][et_pb_row _builder_version=&#8221;4.9.9&#8243; _module_preset=&#8221;default&#8221;][et_pb_column type=&#8221;4_4&#8243; _builder_version=&#8221;4.9.9&#8243; _module_preset=&#8221;default&#8221;][et_pb_text _builder_version=&#8221;4.9.9&#8243; _module_preset=&#8221;default&#8221; text_text_color=&#8221;#FFFFFF&#8221; text_font_size=&#8221;18px&#8221; text_line_height=&#8221;1.3em&#8221;]<\/p>\n<p><span style=\"font-weight: 400;\">Oggi Nuovofilmstudio, trasferitosi nella nuova sede di piazza Rebagliati nella struttura comunale delle Officine Solimano, \u00e8 un&#8217;associazione fortemente radicata sul territorio che conta oltre 3000 associati annuali, \u00e8 riconosciuta a livello regionale, nazionale ed europeo per la qualit\u00e0 della sua programmazione, si \u00e8 aggiudicata tutti i premi di categoria per le sale cinematografiche d\u2019essai italiane ed europee, \u00e8 membro del Consiglio Direttivo Regionale ANEC, della Federazione Italiana dei Cinema d&#8217;Essai (FICE), della rete di sale europee Europa Cinemas e della Conf\u00e9d\u00e9ration Internationale des Cin\u00e9mas d&#8217;Art et d&#8217;Essai (CICAE).<\/span><\/p>\n<p><span style=\"font-weight: 400;\">Nuovofilmstudio promuove la cultura cinematografica tutto l&#8217;anno attraverso l&#8217;omonima sala savonese, aperta tutti i giorni. In parallelo alle oltre 800 proiezioni annuali in prima e seconda visione, l&#8217;associazione organizza incontri, convegni e spettacoli a ingresso libero: rassegne cinematografiche introdotte da esperti e critici di settore, retrospettive, proiezioni di cinema contemporaneo, sperimentale e cultmovies, incontri con autori, proiezioni su temi di attualit\u00e0 e politica, inchieste cinematografiche e documentari nonch\u00e9 presentazione di libri e pubblicazioni varie. Da pi\u00f9 di dieci anni Nuovofilmstudio lavora con le scuole di<\/span><span style=\"font-weight: 400;\">ogni ordine e grado della Provincia di Savona con matin\u00e9e e laboratori didattici per le scuole elementari, medie inferiori e superiori. Porta avanti inoltre iniziative in collaborazione con le numerose associazioni culturali e di volontariato attive sul territorio.<\/span><\/p>\n<p>[\/et_pb_text][\/et_pb_column][\/et_pb_row][\/et_pb_section][et_pb_section fb_built=&#8221;1&#8243; _builder_version=&#8221;4.9.9&#8243; _module_preset=&#8221;default&#8221; background_image=&#8221;https:\/\/nuovofilmstudio.it\/wp-content\/uploads\/2021\/07\/salanuova_d-1-scaled.jpg&#8221; parallax=&#8221;on&#8221; height=&#8221;404px&#8221;][\/et_pb_section][et_pb_section fb_built=&#8221;1&#8243; _builder_version=&#8221;4.9.9&#8243; _module_preset=&#8221;default&#8221; background_color=&#8221;#FFFFFF&#8221;][et_pb_row _builder_version=&#8221;4.9.9&#8243; _module_preset=&#8221;default&#8221;][et_pb_column type=&#8221;4_4&#8243; _builder_version=&#8221;4.9.9&#8243; _module_preset=&#8221;default&#8221;][et_pb_text _builder_version=&#8221;4.9.9&#8243; _module_preset=&#8221;default&#8221; text_text_color=&#8221;#000000&#8243; text_font_size=&#8221;18px&#8221; text_line_height=&#8221;1.3em&#8221;]<\/p>\n<p><span style=\"font-weight: 400;\">Nel 2013, col ruolo di capofila, fa nascere il Consorzio Associativo Officine Solimano in cui apre una stretta collaborazione con altre due associazioni culturali della provincia: \u201cCattivi Maestri\u201d per il teatro e \u201cRaindogshouse\u201d per la musica live, con cui condivide un&#8217;idea di produzione, diffusione e riflessione culturale che ha portato negli anni un forte radicamento territoriale. Tale progetto associativo, che vede il partenariato del Comune di Savona e il sostegno della Comunit\u00e0 Europea, ha consentito la ristrutturazione di una palazzina in cui le tre realt\u00e0 collaborano offrendo una proposta culturale ricca e variegata, che coinvolge le istituzioni e la cittadinanza, i giovanissimi, i giovani e i meno giovani.<\/span><\/p>\n<p>&nbsp;<\/p>\n<p><span style=\"font-weight: 400;\">Molti sono stati gli enti e i privati che hanno creduto nel nostro progetto, dal Comune di Savona, alla Fondazione A. De Mari, l&#8217;Unione Industriali di Savona, Coop Liguria e tanti altri.<\/span><\/p>\n<p>[\/et_pb_text][\/et_pb_column][\/et_pb_row][\/et_pb_section]<\/p>\n","protected":false},"excerpt":{"rendered":"<p>Chi siamoNuovofilmstudio promuove la cultura cinematografica tutto l&#8217;annoPiazza Pippo Rebagliati 6a, SavonaTel\/fax: 019813357email: nuovofilmstudio@officinesolimano.itL&#8217;Associazione Culturale Nuovofilmstudio, aderente a Ucca, Anec e Fice, nasce il 28 dicembre 2002 dalle ceneri del Filmstudio di Mirko Bottero, con l&#8217;immediato obiettivo di restituire alla citt\u00e0 di Savona il suo storico cinema d&#8217;essai. Tutto il lavoro svolto fin dagli anni [&hellip;]<\/p>\n","protected":false},"author":1,"featured_media":0,"parent":0,"menu_order":0,"comment_status":"closed","ping_status":"closed","template":"","meta":{"_et_pb_use_builder":"on","_et_pb_old_content":"","_et_gb_content_width":"","footnotes":""},"class_list":["post-37","page","type-page","status-publish","hentry"],"yoast_head":"<!-- This site is optimized with the Yoast SEO plugin v27.5 - https:\/\/yoast.com\/product\/yoast-seo-wordpress\/ -->\n<title>Chi siamo - Nuovofilmstudio<\/title>\n<meta name=\"robots\" content=\"index, follow, max-snippet:-1, max-image-preview:large, max-video-preview:-1\" \/>\n<link rel=\"canonical\" href=\"https:\/\/nuovofilmstudio.it\/?page_id=37\" \/>\n<meta property=\"og:locale\" content=\"it_IT\" \/>\n<meta property=\"og:type\" content=\"article\" \/>\n<meta property=\"og:title\" content=\"Chi siamo - Nuovofilmstudio\" \/>\n<meta property=\"og:description\" content=\"Chi siamoNuovofilmstudio promuove la cultura cinematografica tutto l&#039;annoPiazza Pippo Rebagliati 6a, SavonaTel\/fax: 019813357email: nuovofilmstudio@officinesolimano.itL&#039;Associazione Culturale Nuovofilmstudio, aderente a Ucca, Anec e Fice, nasce il 28 dicembre 2002 dalle ceneri del Filmstudio di Mirko Bottero, con l&#039;immediato obiettivo di restituire alla citt\u00e0 di Savona il suo storico cinema d&#039;essai. Tutto il lavoro svolto fin dagli anni [&hellip;]\" \/>\n<meta property=\"og:url\" content=\"https:\/\/nuovofilmstudio.it\/?page_id=37\" \/>\n<meta property=\"og:site_name\" content=\"Nuovofilmstudio\" \/>\n<meta property=\"article:modified_time\" content=\"2021-07-23T10:11:10+00:00\" \/>\n<meta name=\"twitter:card\" content=\"summary_large_image\" \/>\n<meta name=\"twitter:label1\" content=\"Tempo di lettura stimato\" \/>\n\t<meta name=\"twitter:data1\" content=\"6 minuti\" \/>\n<script type=\"application\/ld+json\" class=\"yoast-schema-graph\">{\"@context\":\"https:\\\/\\\/schema.org\",\"@graph\":[{\"@type\":\"WebPage\",\"@id\":\"https:\\\/\\\/nuovofilmstudio.it\\\/?page_id=37\",\"url\":\"https:\\\/\\\/nuovofilmstudio.it\\\/?page_id=37\",\"name\":\"Chi siamo - Nuovofilmstudio\",\"isPartOf\":{\"@id\":\"https:\\\/\\\/nuovofilmstudio.it\\\/#website\"},\"datePublished\":\"2021-05-11T13:08:00+00:00\",\"dateModified\":\"2021-07-23T10:11:10+00:00\",\"breadcrumb\":{\"@id\":\"https:\\\/\\\/nuovofilmstudio.it\\\/?page_id=37#breadcrumb\"},\"inLanguage\":\"it-IT\",\"potentialAction\":[{\"@type\":\"ReadAction\",\"target\":[\"https:\\\/\\\/nuovofilmstudio.it\\\/?page_id=37\"]}]},{\"@type\":\"BreadcrumbList\",\"@id\":\"https:\\\/\\\/nuovofilmstudio.it\\\/?page_id=37#breadcrumb\",\"itemListElement\":[{\"@type\":\"ListItem\",\"position\":1,\"name\":\"Home\",\"item\":\"https:\\\/\\\/nuovofilmstudio.it\\\/\"},{\"@type\":\"ListItem\",\"position\":2,\"name\":\"Chi siamo\"}]},{\"@type\":\"WebSite\",\"@id\":\"https:\\\/\\\/nuovofilmstudio.it\\\/#website\",\"url\":\"https:\\\/\\\/nuovofilmstudio.it\\\/\",\"name\":\"Nuovofilmstudio\",\"description\":\"\",\"potentialAction\":[{\"@type\":\"SearchAction\",\"target\":{\"@type\":\"EntryPoint\",\"urlTemplate\":\"https:\\\/\\\/nuovofilmstudio.it\\\/?s={search_term_string}\"},\"query-input\":{\"@type\":\"PropertyValueSpecification\",\"valueRequired\":true,\"valueName\":\"search_term_string\"}}],\"inLanguage\":\"it-IT\"}]}<\/script>\n<!-- \/ Yoast SEO plugin. -->","yoast_head_json":{"title":"Chi siamo - Nuovofilmstudio","robots":{"index":"index","follow":"follow","max-snippet":"max-snippet:-1","max-image-preview":"max-image-preview:large","max-video-preview":"max-video-preview:-1"},"canonical":"https:\/\/nuovofilmstudio.it\/?page_id=37","og_locale":"it_IT","og_type":"article","og_title":"Chi siamo - Nuovofilmstudio","og_description":"Chi siamoNuovofilmstudio promuove la cultura cinematografica tutto l'annoPiazza Pippo Rebagliati 6a, SavonaTel\/fax: 019813357email: nuovofilmstudio@officinesolimano.itL'Associazione Culturale Nuovofilmstudio, aderente a Ucca, Anec e Fice, nasce il 28 dicembre 2002 dalle ceneri del Filmstudio di Mirko Bottero, con l'immediato obiettivo di restituire alla citt\u00e0 di Savona il suo storico cinema d'essai. Tutto il lavoro svolto fin dagli anni [&hellip;]","og_url":"https:\/\/nuovofilmstudio.it\/?page_id=37","og_site_name":"Nuovofilmstudio","article_modified_time":"2021-07-23T10:11:10+00:00","twitter_card":"summary_large_image","twitter_misc":{"Tempo di lettura stimato":"6 minuti"},"schema":{"@context":"https:\/\/schema.org","@graph":[{"@type":"WebPage","@id":"https:\/\/nuovofilmstudio.it\/?page_id=37","url":"https:\/\/nuovofilmstudio.it\/?page_id=37","name":"Chi siamo - Nuovofilmstudio","isPartOf":{"@id":"https:\/\/nuovofilmstudio.it\/#website"},"datePublished":"2021-05-11T13:08:00+00:00","dateModified":"2021-07-23T10:11:10+00:00","breadcrumb":{"@id":"https:\/\/nuovofilmstudio.it\/?page_id=37#breadcrumb"},"inLanguage":"it-IT","potentialAction":[{"@type":"ReadAction","target":["https:\/\/nuovofilmstudio.it\/?page_id=37"]}]},{"@type":"BreadcrumbList","@id":"https:\/\/nuovofilmstudio.it\/?page_id=37#breadcrumb","itemListElement":[{"@type":"ListItem","position":1,"name":"Home","item":"https:\/\/nuovofilmstudio.it\/"},{"@type":"ListItem","position":2,"name":"Chi siamo"}]},{"@type":"WebSite","@id":"https:\/\/nuovofilmstudio.it\/#website","url":"https:\/\/nuovofilmstudio.it\/","name":"Nuovofilmstudio","description":"","potentialAction":[{"@type":"SearchAction","target":{"@type":"EntryPoint","urlTemplate":"https:\/\/nuovofilmstudio.it\/?s={search_term_string}"},"query-input":{"@type":"PropertyValueSpecification","valueRequired":true,"valueName":"search_term_string"}}],"inLanguage":"it-IT"}]}},"_links":{"self":[{"href":"https:\/\/nuovofilmstudio.it\/index.php?rest_route=\/wp\/v2\/pages\/37","targetHints":{"allow":["GET"]}}],"collection":[{"href":"https:\/\/nuovofilmstudio.it\/index.php?rest_route=\/wp\/v2\/pages"}],"about":[{"href":"https:\/\/nuovofilmstudio.it\/index.php?rest_route=\/wp\/v2\/types\/page"}],"author":[{"embeddable":true,"href":"https:\/\/nuovofilmstudio.it\/index.php?rest_route=\/wp\/v2\/users\/1"}],"replies":[{"embeddable":true,"href":"https:\/\/nuovofilmstudio.it\/index.php?rest_route=%2Fwp%2Fv2%2Fcomments&post=37"}],"version-history":[{"count":6,"href":"https:\/\/nuovofilmstudio.it\/index.php?rest_route=\/wp\/v2\/pages\/37\/revisions"}],"predecessor-version":[{"id":948,"href":"https:\/\/nuovofilmstudio.it\/index.php?rest_route=\/wp\/v2\/pages\/37\/revisions\/948"}],"wp:attachment":[{"href":"https:\/\/nuovofilmstudio.it\/index.php?rest_route=%2Fwp%2Fv2%2Fmedia&parent=37"}],"curies":[{"name":"wp","href":"https:\/\/api.w.org\/{rel}","templated":true}]}}