{"id":1427,"date":"2021-11-11T14:12:57","date_gmt":"2021-11-11T13:12:57","guid":{"rendered":"https:\/\/nuovofilmstudio.it\/?page_id=1427"},"modified":"2021-11-11T16:12:38","modified_gmt":"2021-11-11T15:12:38","slug":"fino-allultimo-respiro","status":"publish","type":"page","link":"https:\/\/nuovofilmstudio.it\/?page_id=1427","title":{"rendered":"Fino all&#8217;ultimo respiro"},"content":{"rendered":"<p>[et_pb_section fb_built=&#8221;1&#8243; admin_label=&#8221;Features&#8221; _builder_version=&#8221;4.9.4&#8243; custom_margin=&#8221;0px||||false|false&#8221; custom_padding=&#8221;0px||0px||true|false&#8221; top_divider_color=&#8221;#ffffff&#8221; top_divider_height=&#8221;2.5vw&#8221; top_divider_arrangement=&#8221;above_content&#8221; background__hover_enabled=&#8221;on|hover&#8221;][et_pb_row use_custom_gutter=&#8221;on&#8221; gutter_width=&#8221;1&#8243; make_equal=&#8221;on&#8221; padding_top_bottom_link_1=&#8221;true&#8221; padding_top_bottom_link_2=&#8221;true&#8221; padding_top_bottom_link_3=&#8221;true&#8221; padding_left_right_link_1=&#8221;true&#8221; padding_left_right_link_2=&#8221;true&#8221; padding_left_right_link_3=&#8221;true&#8221; module_class=&#8221; et_pb_row_fullwidth&#8221; _builder_version=&#8221;4.9.9&#8243; background_enable_color=&#8221;off&#8221; width=&#8221;100%&#8221; width_tablet=&#8221;100%&#8221; width_phone=&#8221;&#8221; width_last_edited=&#8221;on|desktop&#8221; max_width=&#8221;100%&#8221; max_width_tablet=&#8221;100%&#8221; max_width_phone=&#8221;&#8221; max_width_last_edited=&#8221;on|desktop&#8221; custom_padding=&#8221;0|0px|0px|0px|false|false&#8221; make_fullwidth=&#8221;on&#8221; background__hover_enabled=&#8221;on|hover&#8221; background_color__hover=&#8221;&#8221; background_enable_color__hover=&#8221;off&#8221;][et_pb_column type=&#8221;4_4&#8243; _builder_version=&#8221;4.9.9&#8243; background_color=&#8221;rgba(0,0,0,0.29)&#8221; background_image=&#8221;https:\/\/nuovofilmstudio.it\/wp-content\/uploads\/2021\/11\/fino_all_ultimo_respiro_sito.jpg&#8221; background_position=&#8221;bottom_center&#8221; background_blend=&#8221;overlay&#8221; custom_padding=&#8221;200px|4%|200px|4%|false|false&#8221; custom_padding_tablet=&#8221;|10%||10%||true&#8221; custom_padding_phone=&#8221;&#8221; custom_padding_last_edited=&#8221;on|tablet&#8221; background_last_edited=&#8221;on|desktop&#8221; padding_tablet=&#8221;|10%||10%||true&#8221; padding_last_edited=&#8221;on|tablet&#8221; custom_padding__hover=&#8221;|||&#8221; background__hover_enabled=&#8221;off|desktop&#8221; background_enable_color__hover=&#8221;off&#8221; background_enable_image__hover=&#8221;on&#8221; background_image__hover=&#8221;https:\/\/nuovofilmstudio.it\/wp-content\/uploads\/2021\/07\/comedians_1-1.jpg&#8221;][et_pb_text content_tablet=&#8221;<\/p>\n<p><strong>Fino all&#8217;ultimo respiro<\/strong><\/p>\n<p>&#8221; content_phone=&#8221;<\/p>\n<p><strong>Fino all&#8217;ultimo respiro<\/strong><\/p>\n<p>&#8221; content_last_edited=&#8221;on|desktop&#8221; _builder_version=&#8221;4.9.9&#8243; _module_preset=&#8221;default&#8221; text_font=&#8221;|800|||||||&#8221; text_text_color=&#8221;#FFFFFF&#8221; text_font_size=&#8221;43px&#8221; text_line_height=&#8221;1em&#8221; width=&#8221;100%&#8221; custom_margin=&#8221;|||0px|false|false&#8221; custom_padding=&#8221;0px|0px|||false|false&#8221;]<\/p>\n<p><strong>Fino all&#8217;ultimo respiro<\/strong><\/p>\n<p>[\/et_pb_text][et_pb_text content_tablet=&#8221;<\/p>\n<p>(\u00c0 bout de souffle)<\/p>\n<p><strong>di Jean-Luc Godard<\/strong><\/p>\n<p>con Jean Seberg, Jean-Paul Belmondo<br \/>Francia 1960, 90\u2019<\/p>\n<p>Edizione restaurata in lingua originale con sottotitoli in italiano<\/p>\n<p>In occasione della Giornata Europea del Cinema d&#8217;Essai<\/p>\n<p>&#8221; content_phone=&#8221;<\/p>\n<p>(\u00c0 bout de souffle)<\/p>\n<p><strong>di Jean-Luc Godard<\/strong><\/p>\n<p>con Jean Seberg, Jean-Paul Belmondo<br \/>Francia 1960, 90\u2019<\/p>\n<p>Edizione restaurata in lingua originale con sottotitoli in italiano<\/p>\n<p>In occasione della Giornata Europea del Cinema d&#8217;Essai<\/p>\n<p>&#8221; content_last_edited=&#8221;on|desktop&#8221; _builder_version=&#8221;4.9.9&#8243; _module_preset=&#8221;default&#8221; text_text_color=&#8221;#FFFFFF&#8221; text_font_size=&#8221;17px&#8221; header_2_text_color=&#8221;#FFFFFF&#8221; custom_margin=&#8221;66px|||75px|false|false&#8221; custom_margin_tablet=&#8221;&#8221; custom_margin_phone=&#8221;66px|||0px|false|false&#8221; custom_margin_last_edited=&#8221;on|phone&#8221; text_text_color__hover_enabled=&#8221;on|hover&#8221; text_text_color__hover=&#8221;#FFFFFF&#8221; header_2_text_color__hover_enabled=&#8221;on|hover&#8221; header_2_text_color__hover=&#8221;#FFFFFF&#8221;]<\/p>\n<p>(\u00c0 bout de souffle)<\/p>\n<p><strong>di Jean-Luc Godard<\/strong><\/p>\n<p>con Jean Seberg, Jean-Paul Belmondo<br \/>Francia 1960, 90\u2019<\/p>\n<p>Edizione restaurata in lingua originale con sottotitoli in italiano<\/p>\n<p>In occasione della Giornata Europea del Cinema d&#8217;Essai<\/p>\n<p>[\/et_pb_text][\/et_pb_column][\/et_pb_row][et_pb_row column_structure=&#8221;1_3,2_3&#8243; use_custom_gutter=&#8221;on&#8221; gutter_width=&#8221;1&#8243; make_equal=&#8221;on&#8221; padding_top_bottom_link_1=&#8221;true&#8221; padding_top_bottom_link_2=&#8221;true&#8221; padding_top_bottom_link_3=&#8221;true&#8221; padding_left_right_link_1=&#8221;true&#8221; padding_left_right_link_2=&#8221;true&#8221; padding_left_right_link_3=&#8221;true&#8221; module_class=&#8221; et_pb_row_fullwidth&#8221; _builder_version=&#8221;4.9.9&#8243; background_enable_color=&#8221;off&#8221; width=&#8221;100%&#8221; width_tablet=&#8221;100%&#8221; width_phone=&#8221;&#8221; width_last_edited=&#8221;on|desktop&#8221; max_width=&#8221;100%&#8221; max_width_tablet=&#8221;100%&#8221; max_width_phone=&#8221;&#8221; max_width_last_edited=&#8221;on|desktop&#8221; custom_padding=&#8221;0|0px|0px|0px|false|false&#8221; make_fullwidth=&#8221;on&#8221; background__hover_enabled=&#8221;on|hover&#8221; background_color__hover=&#8221;#135a79&#8243; background_enable_color__hover=&#8221;on&#8221;][et_pb_column type=&#8221;1_3&#8243; _builder_version=&#8221;4.9.9&#8243; background_color=&#8221;#135a79&#8243; background_enable_image=&#8221;off&#8221; custom_padding=&#8221;80px|4%|80px|4%&#8221; custom_padding_tablet=&#8221;|10%||10%||true&#8221; custom_padding_phone=&#8221;&#8221; custom_padding_last_edited=&#8221;on|tablet&#8221; padding_tablet=&#8221;|10%||10%||true&#8221; padding_last_edited=&#8221;on|tablet&#8221; custom_padding__hover=&#8221;|||&#8221; background__hover_enabled=&#8221;off|desktop&#8221; background_enable_color__hover=&#8221;off&#8221; background_enable_image__hover=&#8221;off&#8221;][et_pb_image src=&#8221;https:\/\/nuovofilmstudio.it\/wp-content\/uploads\/2021\/11\/godard_essai_eu_n.jpg&#8221; title_text=&#8221;godard_essai_eu_n&#8221; align=&#8221;center&#8221; src_tablet=&#8221;https:\/\/nuovofilmstudio.it\/wp-content\/uploads\/2021\/11\/godard_essai_eu_n.jpg&#8221; src_phone=&#8221;https:\/\/nuovofilmstudio.it\/wp-content\/uploads\/2021\/11\/godard_essai_eu_n.jpg&#8221; src_last_edited=&#8221;on|desktop&#8221; _builder_version=&#8221;4.9.9&#8243; _module_preset=&#8221;default&#8221; width=&#8221;75%&#8221; custom_margin=&#8221;||||false|false&#8221; custom_margin_tablet=&#8221;&#8221; custom_margin_phone=&#8221;&#8221; custom_margin_last_edited=&#8221;on|phone&#8221;][\/et_pb_image][et_pb_button button_url=&#8221;https:\/\/www.liveticket.it\/nuovofilmstudio&#8221; button_text=&#8221;aCQUISTA il tuo biglietto&#8221; button_alignment=&#8221;center&#8221; _builder_version=&#8221;4.9.9&#8243; _module_preset=&#8221;default&#8221; custom_button=&#8221;on&#8221; button_text_size=&#8221;20px&#8221; button_text_color=&#8221;#FFFFFF&#8221; button_bg_color=&#8221;#000000&#8243; button_border_width=&#8221;2px&#8221; button_border_color=&#8221;#000000&#8243; button_border_radius=&#8221;0px&#8221; button_font=&#8221;Allerta Stencil|700||on|||||&#8221; button_icon=&#8221;%%3%%&#8221; background_layout=&#8221;dark&#8221; custom_margin=&#8221;50px||||false|false&#8221; custom_padding=&#8221;|44px||44px|false|false&#8221; button_text_size_tablet=&#8221;22px&#8221; button_text_size_phone=&#8221;16px&#8221; button_text_size_last_edited=&#8221;on|phone&#8221; global_module=&#8221;984&#8243; saved_tabs=&#8221;all&#8221;][\/et_pb_button][\/et_pb_column][et_pb_column type=&#8221;2_3&#8243; _builder_version=&#8221;4.9.9&#8243; background_color=&#8221;#135a79&#8243; background_enable_image=&#8221;off&#8221; custom_padding=&#8221;80px|4%|80px|4%&#8221; custom_padding_tablet=&#8221;|10%||10%||true&#8221; custom_padding_phone=&#8221;&#8221; custom_padding_last_edited=&#8221;on|tablet&#8221; padding_tablet=&#8221;|10%||10%||true&#8221; padding_last_edited=&#8221;on|tablet&#8221; custom_padding__hover=&#8221;|||&#8221; background__hover_enabled=&#8221;off|desktop&#8221; background_enable_color__hover=&#8221;off&#8221; background_enable_image__hover=&#8221;off&#8221;][et_pb_accordion open_toggle_text_color=&#8221;#FFFFFF&#8221; closed_toggle_text_color=&#8221;#FFFFFF&#8221; closed_toggle_background_color=&#8221;#EDF000&#8243; icon_color=&#8221;#000000&#8243; use_icon_font_size=&#8221;on&#8221; icon_font_size=&#8221;24px&#8221; _builder_version=&#8221;4.9.9&#8243; _module_preset=&#8221;default&#8221; toggle_text_color=&#8221;#FFFFFF&#8221; toggle_level=&#8221;h3&#8243; toggle_font=&#8221;|700|||||||&#8221; body_text_color=&#8221;#FFFFFF&#8221; background_color=&#8221;#135a79&#8243; text_orientation=&#8221;left&#8221; custom_margin=&#8221;0px||||false|false&#8221; custom_margin_tablet=&#8221;-110px||||false|false&#8221; custom_margin_phone=&#8221;-110px||||false|false&#8221; custom_margin_last_edited=&#8221;on|tablet&#8221; custom_padding=&#8221;|||0px|false|false&#8221; border_width_all=&#8221;2px&#8221; border_color_all=&#8221;#000000&#8243;][et_pb_accordion_item title=&#8221;Orario&#8221; open=&#8221;on&#8221; open_toggle_text_color=&#8221;#FFFFFF&#8221; icon_color=&#8221;#FFFFFF&#8221; content_tablet=&#8221;<\/p>\n<p><strong>dom 14 nov (15.00 &#8211; 21.00)<\/strong><\/p>\n<p>&#8221; content_phone=&#8221;<\/p>\n<p><strong>dom 14 nov (15.00 &#8211; 21.00)<\/strong><\/p>\n<p>&#8221; content_last_edited=&#8221;on|phone&#8221; _builder_version=&#8221;4.9.9&#8243; _module_preset=&#8221;default&#8221; background_color=&#8221;#000000&#8243; background_enable_color=&#8221;on&#8221; toggle_text_color=&#8221;#FFFFFF&#8221; toggle_font=&#8221;Allerta Stencil|700||on|||||&#8221;]<\/p>\n<p><strong>dom 14 nov (15.00 &#8211; 21.00)<\/strong><\/p>\n<p>[\/et_pb_accordion_item][et_pb_accordion_item title=&#8221;Trama&#8221; open_toggle_text_color=&#8221;#000000&#8243; closed_toggle_text_color=&#8221;#000000&#8243; title_tablet=&#8221;Trama&#8221; title_phone=&#8221;Trama&#8221; title_last_edited=&#8221;on|phone&#8221; content_tablet=&#8221;<\/p>\n<p><strong>Michel Poiccard, giovane dal passato burrascoso, ruba un&#8217;automobile e fugge col proposito di recarsi in Italia. Inseguito da due agenti, ne uccide uno e, continuando la sua fuga, giunge a Parigi. Qui va in cerca di Patrizia, giovane americana di cui \u00e8 innamorato e con cui vorrebbe condividere la sua vita spericolata. La ragazza per\u00f2 non ricambia il suo sentimento e continua a farsi corteggiare da un collega al giornale dove lavora. La polizia intanto fa delle indagini per scoprire l&#8217;assassino dell&#8217;agente e avendo accertato che si tratta di Michel, si d\u00e0 da fare per catturarlo&#8230;<\/strong><\/p>\n<p><strong>Era il 1960 quando uno dei registi che avrebbe scardinato la storia del cinema consegnava quello che sarebbe diventato un manifesto della Nouvelle Vague. Parigi, il centro del mondo. Godard dirige, Truffaut scrive. Belmondo\/Poiccard, piccolo omicida, corre a perdifiato per sfuggire alla polizia e a cinquant\u2019anni di cinema di pap\u00e0; Jean Seberg vende l\u2019\u201cHerald Tribune\u201d sugli Champs Elys\u00e9es, s\u2019innamora, lo tradisce: \u2018d\u00e9guelasse\u2019. Poco budget, molto amore per il B-movie americano, sguardi in macchina, jump-cuts, l\u2019euforizzante sensazione che tutto sta per ricominciare. Irripetibile, e forever young. \u00ab%22Fino all\u2019ultimo respiro%22 appartiene, per sua natura, al genere di film in cui tutto \u00e8 permesso. Per di pi\u00f9 %22Fino all\u2019ultimo respiro%22 era il genere di film in cui tutto era permesso, era nella sua natura. Qualsiasi cosa faccia la gente, tutto poteva essere inserito nel film. \u00c8 proprio questa l\u2019idea da cui ero partito. Pensavo: c\u2019\u00e8 gi\u00e0 stato Bresson, \u00e8 appena uscito Hiroshima, un certo tipo di cinema si \u00e8 appena concluso, forse \u00e8 finito, allora mettiamo il punto finale, facciamo vedere che tutto \u00e8 permesso. Quello che volevo era partire da una storia convenzionale e rifare, ma diversamente, tutto il cinema che era gi\u00e0 stato fatto\u00bb. (Jean-Luc Godard)<\/strong><\/p>\n<p>&#8221; content_phone=&#8221;<\/p>\n<p><strong>Michel Poiccard, giovane dal passato burrascoso, ruba un&#8217;automobile e fugge col proposito di recarsi in Italia. Inseguito da due agenti, ne uccide uno e, continuando la sua fuga, giunge a Parigi. Qui va in cerca di Patrizia, giovane americana di cui \u00e8 innamorato e con cui vorrebbe condividere la sua vita spericolata. La ragazza per\u00f2 non ricambia il suo sentimento e continua a farsi corteggiare da un collega al giornale dove lavora. La polizia intanto fa delle indagini per scoprire l&#8217;assassino dell&#8217;agente e avendo accertato che si tratta di Michel, si d\u00e0 da fare per catturarlo&#8230;<\/strong><\/p>\n<p><strong>Era il 1960 quando uno dei registi che avrebbe scardinato la storia del cinema consegnava quello che sarebbe diventato un manifesto della Nouvelle Vague. Parigi, il centro del mondo. Godard dirige, Truffaut scrive. Belmondo\/Poiccard, piccolo omicida, corre a perdifiato per sfuggire alla polizia e a cinquant\u2019anni di cinema di pap\u00e0; Jean Seberg vende l\u2019\u201cHerald Tribune\u201d sugli Champs Elys\u00e9es, s\u2019innamora, lo tradisce: \u2018d\u00e9guelasse\u2019. Poco budget, molto amore per il B-movie americano, sguardi in macchina, jump-cuts, l\u2019euforizzante sensazione che tutto sta per ricominciare. Irripetibile, e forever young. \u00ab%22Fino all\u2019ultimo respiro%22 appartiene, per sua natura, al genere di film in cui tutto \u00e8 permesso. Per di pi\u00f9 %22Fino all\u2019ultimo respiro%22 era il genere di film in cui tutto era permesso, era nella sua natura. Qualsiasi cosa faccia la gente, tutto poteva essere inserito nel film. \u00c8 proprio questa l\u2019idea da cui ero partito. Pensavo: c\u2019\u00e8 gi\u00e0 stato Bresson, \u00e8 appena uscito Hiroshima, un certo tipo di cinema si \u00e8 appena concluso, forse \u00e8 finito, allora mettiamo il punto finale, facciamo vedere che tutto \u00e8 permesso. Quello che volevo era partire da una storia convenzionale e rifare, ma diversamente, tutto il cinema che era gi\u00e0 stato fatto\u00bb. (Jean-Luc Godard)<\/strong><\/p>\n<p>&#8221; content_last_edited=&#8221;on|phone&#8221; _builder_version=&#8221;4.9.9&#8243; _module_preset=&#8221;default&#8221; body_text_color=&#8221;#000000&#8243; background_color=&#8221;#b5cedf&#8221; background_enable_color=&#8221;on&#8221; border_width_top=&#8221;0px&#8221; toggle_text_color=&#8221;#000000&#8243; toggle_font=&#8221;Allerta Stencil|700||on|||||&#8221; content__hover_enabled=&#8221;on|desktop&#8221; open=&#8221;off&#8221;]<\/p>\n<p><strong>Michel Poiccard, giovane dal passato burrascoso, ruba un&#8217;automobile e fugge col proposito di recarsi in Italia. Inseguito da due agenti, ne uccide uno e, continuando la sua fuga, giunge a Parigi. Qui va in cerca di Patrizia, giovane americana di cui \u00e8 innamorato e con cui vorrebbe condividere la sua vita spericolata. La ragazza per\u00f2 non ricambia il suo sentimento e continua a farsi corteggiare da un collega al giornale dove lavora. La polizia intanto fa delle indagini per scoprire l&#8217;assassino dell&#8217;agente e avendo accertato che si tratta di Michel, si d\u00e0 da fare per catturarlo&#8230;<\/strong><\/p>\n<p><strong>Era il 1960 quando uno dei registi che avrebbe scardinato la storia del cinema consegnava quello che sarebbe diventato un manifesto della Nouvelle Vague. Parigi, il centro del mondo. Godard dirige, Truffaut scrive. Belmondo\/Poiccard, piccolo omicida, corre a perdifiato per sfuggire alla polizia e a cinquant\u2019anni di cinema di pap\u00e0; Jean Seberg vende l\u2019\u201cHerald Tribune\u201d sugli Champs Elys\u00e9es, s\u2019innamora, lo tradisce: \u2018d\u00e9guelasse\u2019. Poco budget, molto amore per il B-movie americano, sguardi in macchina, jump-cuts, l\u2019euforizzante sensazione che tutto sta per ricominciare. Irripetibile, e forever young. \u00ab&#8221;Fino all\u2019ultimo respiro&#8221; appartiene, per sua natura, al genere di film in cui tutto \u00e8 permesso. Per di pi\u00f9 &#8220;Fino all\u2019ultimo respiro&#8221; era il genere di film in cui tutto era permesso, era nella sua natura. Qualsiasi cosa faccia la gente, tutto poteva essere inserito nel film. \u00c8 proprio questa l\u2019idea da cui ero partito. Pensavo: c\u2019\u00e8 gi\u00e0 stato Bresson, \u00e8 appena uscito Hiroshima, un certo tipo di cinema si \u00e8 appena concluso, forse \u00e8 finito, allora mettiamo il punto finale, facciamo vedere che tutto \u00e8 permesso. Quello che volevo era partire da una storia convenzionale e rifare, ma diversamente, tutto il cinema che era gi\u00e0 stato fatto\u00bb. (Jean-Luc Godard)<\/strong><\/p>\n<p>[\/et_pb_accordion_item][\/et_pb_accordion][et_pb_video src=&#8221;https:\/\/youtu.be\/Zl4oPP5GgxI&#8221; src_tablet=&#8221;https:\/\/youtu.be\/Zl4oPP5GgxI&#8221; src_phone=&#8221;https:\/\/youtu.be\/Zl4oPP5GgxI&#8221; src_last_edited=&#8221;on|phone&#8221; _builder_version=&#8221;4.9.9&#8243; _module_preset=&#8221;default&#8221; custom_margin=&#8221;50px||||false|false&#8221;][\/et_pb_video][\/et_pb_column][\/et_pb_row][\/et_pb_section][et_pb_section fb_built=&#8221;1&#8243; admin_label=&#8221;Features&#8221; _builder_version=&#8221;4.9.4&#8243; background_color=&#8221;#000000&#8243; custom_margin=&#8221;||||false&#8221; custom_padding=&#8221;0px||0px||true&#8221; top_divider_color=&#8221;#ffffff&#8221; top_divider_height=&#8221;2.5vw&#8221; top_divider_arrangement=&#8221;above_content&#8221;][et_pb_row _builder_version=&#8221;4.9.4&#8243; _module_preset=&#8221;default&#8221;][et_pb_column type=&#8221;4_4&#8243; _builder_version=&#8221;4.9.4&#8243; _module_preset=&#8221;default&#8221;][et_pb_button button_url=&#8221;@ET-DC@eyJkeW5hbWljIjp0cnVlLCJjb250ZW50IjoicG9zdF9saW5rX3VybF9wYWdlIiwic2V0dGluZ3MiOnsicG9zdF9pZCI6IjMxIn19@&#8221; button_text=&#8221;SCOPRI LA PROGRAMMAZIONE DEL CINEMA IN FORTEZZA&#8221; button_alignment=&#8221;center&#8221; _builder_version=&#8221;4.9.4&#8243; _dynamic_attributes=&#8221;button_url&#8221; _module_preset=&#8221;default&#8221; custom_button=&#8221;on&#8221; button_border_width=&#8221;0px&#8221; button_border_color=&#8221;RGBA(0,0,0,0)&#8221; button_border_radius=&#8221;0px&#8221; button_font=&#8221;Allerta Stencil||||||||&#8221; button_icon=&#8221;%%3%%&#8221; button_on_hover=&#8221;off&#8221; background_layout=&#8221;dark&#8221; button_bg_color__hover_enabled=&#8221;on|hover&#8221; button_bg_color__hover=&#8221;RGBA(0,0,0,0)&#8221; button_bg_enable_color__hover=&#8221;on&#8221;][\/et_pb_button][\/et_pb_column][\/et_pb_row][\/et_pb_section]<\/p>\n","protected":false},"excerpt":{"rendered":"<p>Fino all&#8217;ultimo respiro(\u00c0 bout de souffle) di Jean-Luc Godard con Jean Seberg, Jean-Paul BelmondoFrancia 1960, 90\u2019 Edizione restaurata in lingua originale con sottotitoli in italiano In occasione della Giornata Europea del Cinema d&#8217;Essaidom 14 nov (15.00 &#8211; 21.00)Michel Poiccard, giovane dal passato burrascoso, ruba un&#8217;automobile e fugge col proposito di recarsi in Italia. Inseguito da [&hellip;]<\/p>\n","protected":false},"author":1,"featured_media":0,"parent":0,"menu_order":0,"comment_status":"closed","ping_status":"closed","template":"","meta":{"_et_pb_use_builder":"on","_et_pb_old_content":"","_et_gb_content_width":"","footnotes":""},"class_list":["post-1427","page","type-page","status-publish","hentry"],"yoast_head":"<!-- This site is optimized with the Yoast SEO plugin v27.3 - https:\/\/yoast.com\/product\/yoast-seo-wordpress\/ -->\n<title>Fino all&#039;ultimo respiro - Nuovofilmstudio<\/title>\n<meta name=\"robots\" content=\"index, follow, max-snippet:-1, max-image-preview:large, max-video-preview:-1\" \/>\n<link rel=\"canonical\" href=\"https:\/\/nuovofilmstudio.it\/?page_id=1427\" \/>\n<meta property=\"og:locale\" content=\"it_IT\" \/>\n<meta property=\"og:type\" content=\"article\" \/>\n<meta property=\"og:title\" content=\"Fino all&#039;ultimo respiro - Nuovofilmstudio\" \/>\n<meta property=\"og:description\" content=\"Fino all&#039;ultimo respiro(\u00c0 bout de souffle) di Jean-Luc Godard con Jean Seberg, Jean-Paul BelmondoFrancia 1960, 90\u2019 Edizione restaurata in lingua originale con sottotitoli in italiano In occasione della Giornata Europea del Cinema d&#039;Essaidom 14 nov (15.00 - 21.00)Michel Poiccard, giovane dal passato burrascoso, ruba un&#039;automobile e fugge col proposito di recarsi in Italia. Inseguito da [&hellip;]\" \/>\n<meta property=\"og:url\" content=\"https:\/\/nuovofilmstudio.it\/?page_id=1427\" \/>\n<meta property=\"og:site_name\" content=\"Nuovofilmstudio\" \/>\n<meta property=\"article:modified_time\" content=\"2021-11-11T15:12:38+00:00\" \/>\n<meta name=\"twitter:card\" content=\"summary_large_image\" \/>\n<meta name=\"twitter:label1\" content=\"Tempo di lettura stimato\" \/>\n\t<meta name=\"twitter:data1\" content=\"11 minuti\" \/>\n<script type=\"application\/ld+json\" class=\"yoast-schema-graph\">{\"@context\":\"https:\\\/\\\/schema.org\",\"@graph\":[{\"@type\":\"WebPage\",\"@id\":\"https:\\\/\\\/nuovofilmstudio.it\\\/?page_id=1427\",\"url\":\"https:\\\/\\\/nuovofilmstudio.it\\\/?page_id=1427\",\"name\":\"Fino all'ultimo respiro - Nuovofilmstudio\",\"isPartOf\":{\"@id\":\"https:\\\/\\\/nuovofilmstudio.it\\\/#website\"},\"datePublished\":\"2021-11-11T13:12:57+00:00\",\"dateModified\":\"2021-11-11T15:12:38+00:00\",\"breadcrumb\":{\"@id\":\"https:\\\/\\\/nuovofilmstudio.it\\\/?page_id=1427#breadcrumb\"},\"inLanguage\":\"it-IT\",\"potentialAction\":[{\"@type\":\"ReadAction\",\"target\":[\"https:\\\/\\\/nuovofilmstudio.it\\\/?page_id=1427\"]}]},{\"@type\":\"BreadcrumbList\",\"@id\":\"https:\\\/\\\/nuovofilmstudio.it\\\/?page_id=1427#breadcrumb\",\"itemListElement\":[{\"@type\":\"ListItem\",\"position\":1,\"name\":\"Home\",\"item\":\"https:\\\/\\\/nuovofilmstudio.it\\\/\"},{\"@type\":\"ListItem\",\"position\":2,\"name\":\"Fino all&#8217;ultimo respiro\"}]},{\"@type\":\"WebSite\",\"@id\":\"https:\\\/\\\/nuovofilmstudio.it\\\/#website\",\"url\":\"https:\\\/\\\/nuovofilmstudio.it\\\/\",\"name\":\"Nuovofilmstudio\",\"description\":\"\",\"potentialAction\":[{\"@type\":\"SearchAction\",\"target\":{\"@type\":\"EntryPoint\",\"urlTemplate\":\"https:\\\/\\\/nuovofilmstudio.it\\\/?s={search_term_string}\"},\"query-input\":{\"@type\":\"PropertyValueSpecification\",\"valueRequired\":true,\"valueName\":\"search_term_string\"}}],\"inLanguage\":\"it-IT\"}]}<\/script>\n<!-- \/ Yoast SEO plugin. -->","yoast_head_json":{"title":"Fino all'ultimo respiro - Nuovofilmstudio","robots":{"index":"index","follow":"follow","max-snippet":"max-snippet:-1","max-image-preview":"max-image-preview:large","max-video-preview":"max-video-preview:-1"},"canonical":"https:\/\/nuovofilmstudio.it\/?page_id=1427","og_locale":"it_IT","og_type":"article","og_title":"Fino all'ultimo respiro - Nuovofilmstudio","og_description":"Fino all'ultimo respiro(\u00c0 bout de souffle) di Jean-Luc Godard con Jean Seberg, Jean-Paul BelmondoFrancia 1960, 90\u2019 Edizione restaurata in lingua originale con sottotitoli in italiano In occasione della Giornata Europea del Cinema d'Essaidom 14 nov (15.00 - 21.00)Michel Poiccard, giovane dal passato burrascoso, ruba un'automobile e fugge col proposito di recarsi in Italia. Inseguito da [&hellip;]","og_url":"https:\/\/nuovofilmstudio.it\/?page_id=1427","og_site_name":"Nuovofilmstudio","article_modified_time":"2021-11-11T15:12:38+00:00","twitter_card":"summary_large_image","twitter_misc":{"Tempo di lettura stimato":"11 minuti"},"schema":{"@context":"https:\/\/schema.org","@graph":[{"@type":"WebPage","@id":"https:\/\/nuovofilmstudio.it\/?page_id=1427","url":"https:\/\/nuovofilmstudio.it\/?page_id=1427","name":"Fino all'ultimo respiro - Nuovofilmstudio","isPartOf":{"@id":"https:\/\/nuovofilmstudio.it\/#website"},"datePublished":"2021-11-11T13:12:57+00:00","dateModified":"2021-11-11T15:12:38+00:00","breadcrumb":{"@id":"https:\/\/nuovofilmstudio.it\/?page_id=1427#breadcrumb"},"inLanguage":"it-IT","potentialAction":[{"@type":"ReadAction","target":["https:\/\/nuovofilmstudio.it\/?page_id=1427"]}]},{"@type":"BreadcrumbList","@id":"https:\/\/nuovofilmstudio.it\/?page_id=1427#breadcrumb","itemListElement":[{"@type":"ListItem","position":1,"name":"Home","item":"https:\/\/nuovofilmstudio.it\/"},{"@type":"ListItem","position":2,"name":"Fino all&#8217;ultimo respiro"}]},{"@type":"WebSite","@id":"https:\/\/nuovofilmstudio.it\/#website","url":"https:\/\/nuovofilmstudio.it\/","name":"Nuovofilmstudio","description":"","potentialAction":[{"@type":"SearchAction","target":{"@type":"EntryPoint","urlTemplate":"https:\/\/nuovofilmstudio.it\/?s={search_term_string}"},"query-input":{"@type":"PropertyValueSpecification","valueRequired":true,"valueName":"search_term_string"}}],"inLanguage":"it-IT"}]}},"_links":{"self":[{"href":"https:\/\/nuovofilmstudio.it\/index.php?rest_route=\/wp\/v2\/pages\/1427","targetHints":{"allow":["GET"]}}],"collection":[{"href":"https:\/\/nuovofilmstudio.it\/index.php?rest_route=\/wp\/v2\/pages"}],"about":[{"href":"https:\/\/nuovofilmstudio.it\/index.php?rest_route=\/wp\/v2\/types\/page"}],"author":[{"embeddable":true,"href":"https:\/\/nuovofilmstudio.it\/index.php?rest_route=\/wp\/v2\/users\/1"}],"replies":[{"embeddable":true,"href":"https:\/\/nuovofilmstudio.it\/index.php?rest_route=%2Fwp%2Fv2%2Fcomments&post=1427"}],"version-history":[{"count":8,"href":"https:\/\/nuovofilmstudio.it\/index.php?rest_route=\/wp\/v2\/pages\/1427\/revisions"}],"predecessor-version":[{"id":1459,"href":"https:\/\/nuovofilmstudio.it\/index.php?rest_route=\/wp\/v2\/pages\/1427\/revisions\/1459"}],"wp:attachment":[{"href":"https:\/\/nuovofilmstudio.it\/index.php?rest_route=%2Fwp%2Fv2%2Fmedia&parent=1427"}],"curies":[{"name":"wp","href":"https:\/\/api.w.org\/{rel}","templated":true}]}}